{"id":246,"date":"2018-12-02T21:17:16","date_gmt":"2018-12-02T20:17:16","guid":{"rendered":"http:\/\/paroissethiais.fr\/?page_id=246"},"modified":"2023-04-02T23:11:47","modified_gmt":"2023-04-02T21:11:47","slug":"denier-de-leglise","status":"publish","type":"page","link":"https:\/\/paroissethiais.fr\/?page_id=246","title":{"rendered":"Denier de l\u2019\u00c9glise"},"content":{"rendered":"<h2>Un don au Denier c&rsquo;est concret et c&rsquo;est indispensable<\/h2>\n<p>Vous \u00eates baptis\u00e9 et vous \u00eates attach\u00e9 \u00e0 la pr\u00e9sence et aux propositions de votre communaut\u00e9 paroissiale.<br \/>\nSavez-vous que les pr\u00eatres et les salari\u00e9s la\u00efcs du dioc\u00e8se de Cr\u00e9teil ne pourraient recevoir ni traitement ni salaire sans la collecte annuelle du Denier ?<\/p>\n<p>Les dons des \ufb01d\u00e8les constituent notre ressource principale car nous ne recevons aucune subvention.<br \/>\nDonner au Denier, c&rsquo;est permettre \u00e0 vos pr\u00eatres et aux salari\u00e9s la\u00efcs de vivre et d&rsquo;agir aupr\u00e8s de vous. C&rsquo;est donc tr\u00e8s concret.<\/p>\n<p><strong>5 raisons concr\u00e8tes de donner au Denier<\/strong><\/p>\n<ol>\n<li>Je soutiens la pr\u00e9sence de l\u2019\u00c9glise catholique dans le Val-de-Marne.<\/li>\n<li>L\u2019\u00e9glise ne re\u00e7oit aucune subvention et a besoin de mon don.<\/li>\n<li>Chaque don, m\u00eame le plus modeste, est pr\u00e9cieux pour les pr\u00eatres et les salari\u00e9s la\u00efcs de nos paroisses.<\/li>\n<li>Avec mon don, j&rsquo;aide l\u2019\u00c9glise \u00e0 transmettre les valeurs de l\u2019\u00c9vangile.<\/li>\n<li>Je peux compter sur l&rsquo;Eglise pour \u00eatre toujours pr\u00e9sente dans les moments heureux ou difficiles.<\/li>\n<\/ol>\n<p><a href=\"https:\/\/denier.diocese94.fr\/denier\/~mon-don?_cv=1&amp;reserved_affectation=denier&amp;reserved_paroisse=730\" target=\"_blank\" rel=\"noopener\"><img loading=\"lazy\" decoding=\"async\" class=\"alignnone wp-image-1123 size-full\" src=\"http:\/\/paroissethiais.fr\/wp-content\/uploads\/2018\/12\/denier-bleu2.png\" alt=\"denier-bleu2\" width=\"300\" height=\"82\"><\/a><\/p>\n<p><strong>Donner, OUI : Mais combien?<\/strong><\/p>\n<p>Toute participation, aussi modeste soit-elle, est pr\u00e9cieuse. Chacun doit donner en fonction de ses possibilit\u00e9s. L\u2019essentiel demeure la mobilisation du plus grand nombre pour cette collecte vitale.<br \/>\nVous disposez de plusieurs moyens pour participer au Denier :<\/p>\n<ul>\n<li>Vous pouvez envoyer votre don par ch\u00e8que \u00e0 l\u2019ordre de l\u2019Association Dioc\u00e9saine de Cr\u00e9teil. (A.D.C.)<\/li>\n<li>Vous pouvez aussi opter pour un pr\u00e9l\u00e8vement automatique. C\u2019est un moyen simple et pratique qui vous permet d\u2019aider votre paroisse tout au long de l\u2019ann\u00e9e en r\u00e9partissant sur 12 mois la somme.<\/li>\n<li>Vous avez \u00e9galement la possibilit\u00e9 de donner au Denier sur <a title=\"don en ligne\" href=\"https:\/\/denier.diocese94.fr\/denier\/~mon-don?_cv=1&amp;reserved_affectation=denier&amp;reserved_paroisse=730\" target=\"_blank\" rel=\"noopener\">Internet<\/a> avec votre carte bancaire.<\/li>\n<\/ul>\n<p><strong>D\u00e9duction fiscale<\/strong><br \/>\nQuel que soit le mode de r\u00e8glement choisi, le dioc\u00e8se vous enverra un re\u00e7u fiscal au d\u00e9but de chaque ann\u00e9e avec la traditionnelle lettre aux donateurs. Ce document vous permettra de faire valoir votre r\u00e9duction d\u2019imp\u00f4t \u00e9quivalente \u00e0 66% du montant de votre don dans la limite de 20% de votre revenu imposable. Voici quelques exemples pour nous situer par rapport \u00e0 nos dons.<\/p>\n<p><b><span style=\"text-decoration: underline;\">Si vous \u00eates imposable<\/span><\/b><b>,<\/b> la recommandation est de donner 1%&nbsp; de son revenu net annuel, ou plus si possible, en particulier pour les revenus \u00e9lev\u00e9s. Cela signifie que pour un revenu de<\/p>\n<ul>\n<li>1500 \u20ac par mois, le don annuel au Denier pourrait \u00eatre de 100 \u00e0 200 \u20ac (soit un co\u00fbt r\u00e9el de moins de 70 \u20ac, apr\u00e8s r\u00e9duction d&rsquo;imp\u00f4t)<\/li>\n<li>3000 \u20ac par mois, le don annuel au Denier pourrait \u00eatre de 300 \u00e0 400 \u20ac (soit un co\u00fbt r\u00e9el de moins de 150 \u20ac, apr\u00e8s r\u00e9duction d&rsquo;imp\u00f4t)<\/li>\n<li>5000 \u20ac par mois, le don annuel au Denier pourrait \u00eatre de 600 \u00e0 1000 \u20ac &nbsp;(soit un co\u00fbt r\u00e9el de moins de 350 \u20ac, apr\u00e8s r\u00e9duction d&rsquo;imp\u00f4t)<\/li>\n<li>plus de 6000 \u20ac par mois, le don annuel au Denier pourrait \u00eatre sup\u00e9rieur \u00e0 1000 \u20ac<\/li>\n<\/ul>\n<p><b><span style=\"text-decoration: underline;\">Si vous n&rsquo;\u00eates pas imposable<\/span><\/b><b>,<\/b> la recommandation est de donner l\u2019\u00e9quivalent de 1 \u00e0 2 journ\u00e9es de travail. Cela signifie que pour une famille qui gagne<\/p>\n<ul>\n<li>&nbsp;1000 \u20ac par mois, le don annuel au Denier pourrait \u00eatre d\u2019environ 50 \u00e0 70 \u20ac<\/li>\n<li>&nbsp;2000 \u20ac par mois, le don annuel au Denier pourrait \u00eatre d\u2019environ 100 \u00e0 150 \u20ac<\/li>\n<li>&nbsp;3&nbsp;000\u20ac par mois, le don annuel au Denier pourrait \u00eatre d\u2019environ 150 \u00e0 250 \u20ac<\/li>\n<\/ul>\n<p><a href=\"https:\/\/denier.diocese94.fr\/denier\/~mon-don?_cv=1&amp;reserved_affectation=denier&amp;reserved_paroisse=730\" target=\"_blank\" rel=\"noopener\"><img loading=\"lazy\" decoding=\"async\" class=\"alignnone wp-image-1123 size-full\" src=\"http:\/\/paroissethiais.fr\/wp-content\/uploads\/2018\/12\/denier-bleu2.png\" alt=\"denier-bleu2\" width=\"300\" height=\"82\"><\/a><\/p>\n","protected":false},"excerpt":{"rendered":"<p>Un don au Denier c&rsquo;est concret et c&rsquo;est indispensable Vous \u00eates baptis\u00e9 et vous \u00eates attach\u00e9 \u00e0 la pr\u00e9sence et aux propositions de votre communaut\u00e9 paroissiale. Savez-vous que les pr\u00eatres et les salari\u00e9s la\u00efcs du dioc\u00e8se de Cr\u00e9teil ne pourraient recevoir ni traitement ni salaire sans la collecte annuelle du Denier ? Les dons des [&hellip;]<\/p>\n","protected":false},"author":1,"featured_media":0,"parent":0,"menu_order":0,"comment_status":"closed","ping_status":"closed","template":"","meta":{"_monsterinsights_skip_tracking":false,"_monsterinsights_sitenote_active":false,"_monsterinsights_sitenote_note":"","_monsterinsights_sitenote_category":0,"ngg_post_thumbnail":0,"ocean_post_layout":"","ocean_both_sidebars_style":"","ocean_both_sidebars_content_width":0,"ocean_both_sidebars_sidebars_width":0,"ocean_sidebar":"0","ocean_second_sidebar":"0","ocean_disable_margins":"enable","ocean_add_body_class":"","ocean_shortcode_before_top_bar":"","ocean_shortcode_after_top_bar":"","ocean_shortcode_before_header":"","ocean_shortcode_after_header":"","ocean_has_shortcode":"","ocean_shortcode_after_title":"","ocean_shortcode_before_footer_widgets":"","ocean_shortcode_after_footer_widgets":"","ocean_shortcode_before_footer_bottom":"","ocean_shortcode_after_footer_bottom":"","ocean_display_top_bar":"default","ocean_display_header":"default","ocean_header_style":"","ocean_center_header_left_menu":"0","ocean_custom_header_template":"0","ocean_custom_logo":0,"ocean_custom_retina_logo":0,"ocean_custom_logo_max_width":0,"ocean_custom_logo_tablet_max_width":0,"ocean_custom_logo_mobile_max_width":0,"ocean_custom_logo_max_height":0,"ocean_custom_logo_tablet_max_height":0,"ocean_custom_logo_mobile_max_height":0,"ocean_header_custom_menu":"0","ocean_menu_typo_font_family":"0","ocean_menu_typo_font_subset":"","ocean_menu_typo_font_size":0,"ocean_menu_typo_font_size_tablet":0,"ocean_menu_typo_font_size_mobile":0,"ocean_menu_typo_font_size_unit":"px","ocean_menu_typo_font_weight":"","ocean_menu_typo_font_weight_tablet":"","ocean_menu_typo_font_weight_mobile":"","ocean_menu_typo_transform":"","ocean_menu_typo_transform_tablet":"","ocean_menu_typo_transform_mobile":"","ocean_menu_typo_line_height":0,"ocean_menu_typo_line_height_tablet":0,"ocean_menu_typo_line_height_mobile":0,"ocean_menu_typo_line_height_unit":"","ocean_menu_typo_spacing":0,"ocean_menu_typo_spacing_tablet":0,"ocean_menu_typo_spacing_mobile":0,"ocean_menu_typo_spacing_unit":"","ocean_menu_link_color":"","ocean_menu_link_color_hover":"","ocean_menu_link_color_active":"","ocean_menu_link_background":"","ocean_menu_link_hover_background":"","ocean_menu_link_active_background":"","ocean_menu_social_links_bg":"","ocean_menu_social_hover_links_bg":"","ocean_menu_social_links_color":"","ocean_menu_social_hover_links_color":"","ocean_disable_title":"default","ocean_disable_heading":"default","ocean_post_title":"","ocean_post_subheading":"","ocean_post_title_style":"","ocean_post_title_background_color":"","ocean_post_title_background":0,"ocean_post_title_bg_image_position":"","ocean_post_title_bg_image_attachment":"","ocean_post_title_bg_image_repeat":"","ocean_post_title_bg_image_size":"","ocean_post_title_height":0,"ocean_post_title_bg_overlay":0.5,"ocean_post_title_bg_overlay_color":"","ocean_disable_breadcrumbs":"default","ocean_breadcrumbs_color":"","ocean_breadcrumbs_separator_color":"","ocean_breadcrumbs_links_color":"","ocean_breadcrumbs_links_hover_color":"","ocean_display_footer_widgets":"default","ocean_display_footer_bottom":"default","ocean_custom_footer_template":"0","ofc_enable_fullscreen":"disable","ofc_fullscreen_speed":0,"ofc_fullscreen_nav":"enable","ofc_fullscreen_nav_pos":"right","ofc_fullscreen_nav_color":"","ofc_fullscreen_nav_tooltip_color":"","ofc_fullscreen_responsive":0,"footnotes":""},"class_list":["post-246","page","type-page","status-publish","hentry","entry"],"_links":{"self":[{"href":"https:\/\/paroissethiais.fr\/index.php?rest_route=\/wp\/v2\/pages\/246","targetHints":{"allow":["GET"]}}],"collection":[{"href":"https:\/\/paroissethiais.fr\/index.php?rest_route=\/wp\/v2\/pages"}],"about":[{"href":"https:\/\/paroissethiais.fr\/index.php?rest_route=\/wp\/v2\/types\/page"}],"author":[{"embeddable":true,"href":"https:\/\/paroissethiais.fr\/index.php?rest_route=\/wp\/v2\/users\/1"}],"replies":[{"embeddable":true,"href":"https:\/\/paroissethiais.fr\/index.php?rest_route=%2Fwp%2Fv2%2Fcomments&post=246"}],"version-history":[{"count":5,"href":"https:\/\/paroissethiais.fr\/index.php?rest_route=\/wp\/v2\/pages\/246\/revisions"}],"predecessor-version":[{"id":6937,"href":"https:\/\/paroissethiais.fr\/index.php?rest_route=\/wp\/v2\/pages\/246\/revisions\/6937"}],"wp:attachment":[{"href":"https:\/\/paroissethiais.fr\/index.php?rest_route=%2Fwp%2Fv2%2Fmedia&parent=246"}],"curies":[{"name":"wp","href":"https:\/\/api.w.org\/{rel}","templated":true}]}}