{"id":2452,"date":"2019-11-20T20:26:58","date_gmt":"2019-11-20T19:26:58","guid":{"rendered":"http:\/\/paroissethiais.fr\/?page_id=2452"},"modified":"2019-11-20T20:27:00","modified_gmt":"2019-11-20T19:27:00","slug":"a-propos-des-cookies","status":"publish","type":"page","link":"https:\/\/paroissethiais.fr\/?page_id=2452","title":{"rendered":"A propos des cookies"},"content":{"rendered":"<p>Le site <strong>paroissethiais.fr<\/strong> utilise des <a class=\"link-icon\" href=\"http:\/\/fr.wikipedia.org\/wiki\/Cookie_%28informatique%29\" target=\"_blank\" rel=\"noopener noreferrer\">cookies<\/a> et d\u2019autres technologies (comme des balises Web) pour diff\u00e9rentes raisons. Les cookies et les autres technologies nous permettent notamment de vous faciliter l\u2019acc\u00e8s \u00e0 nos services parce que nous nous souvenons de vous chaque fois que vous vous connectez, d\u2019assurer et d\u2019analyser nos services, de conna\u00eetre plus pr\u00e9cis\u00e9ment nos utilisateurs, de mieux comprendre leurs int\u00e9r\u00eats. Cette notification vise \u00e0 vous informer de l\u2019utilisation que nous faisons de telles technologies. Elle explique les types de technologie dont nous nous servons, leur utilit\u00e9 et les choix dont vous disposez concernant leur utilisation.<\/p>\n<h2>1. Que sont les cookies ?<\/h2>\n<p>Les cookies sont de petits fichiers de donn\u00e9es qui sont stock\u00e9s sur votre appareil lorsque vous visitez et utilisez des sites Web et des services en ligne. Ils sont utilis\u00e9s couramment pour faire fonctionner les sites Web ou pour en optimiser le fonctionnement, pour fournir des renseignements et pour personnaliser les prestations. Les cookies ne sont pas les seules technologies exploitables \u00e0 ces fins. Nous utilisons \u00e9galement d\u2019autres types de technologies semblables. Consultez les d\u00e9tails ci-dessous pour en savoir plus et obtenir des exemples.<\/p>\n<h2>2. Pourquoi le site paroissethiais.fr  utilise-t-il des cookies ?<\/h2>\n<p>Le site paroissethiais.fr  est susceptible d\u2019utiliser diff\u00e9rents types de cookies :<\/p>\n<p><strong>Cookies n\u00e9cessaires :<\/strong> ces cookies sont essentiels au fonctionnement de notre site Web et de notre service en ligne. Par exemple, pour authentifier nos utilisateurs et les identifier lorsqu\u2019ils sont connect\u00e9s \u00e0 notre site Web et \u00e0 nos applications, afin de leur fournir notre service. Ces cookies nous permettent \u00e9galement d\u2019appliquer nos Conditions d\u2019utilisation, de pr\u00e9venir la fraude et d\u2019assurer la s\u00e9curit\u00e9 de notre service.<\/p>\n<p><strong>Cookies de performance et de fonctionnalit\u00e9 :<\/strong> ces cookies ne sont pas essentiels, mais ils nous aident \u00e0 personnaliser votre exp\u00e9rience en ligne et \u00e0 l\u2019am\u00e9liorer. Ils nous permettent, par exemple, de m\u00e9moriser vos pr\u00e9f\u00e9rences et ils vous \u00e9vitent d\u2019avoir \u00e0 ressaisir des informations que vous nous avez d\u00e9j\u00e0 communiqu\u00e9es (notamment au cours de votre inscription). Nous utilisons \u00e9galement ce type de cookie pour collecter des donn\u00e9es (comme les pages les plus populaires, les taux de conversion, les habitudes de visualisation ou le nombre de clics) sur la mani\u00e8re dont les internautes utilisent le service, afin d\u2019am\u00e9liorer et de personnaliser notre site Web et nos prestations, et de r\u00e9aliser des \u00e9tudes de march\u00e9. La suppression de ces types de cookies limite les fonctionnalit\u00e9s de notre service.<\/p>\n<h2>3. Comment puis-je exercer mon choix concernant l\u2019utilisation des cookies et des autres m\u00e9thodes de suivi en ligne ?<\/h2>\n<p>Pour en savoir plus sur les cookies cr\u00e9\u00e9s via notre site Web et sur les autres types de suivi en ligne (dont la collecte d\u2019informations par des tiers sur vos activit\u00e9s en ligne au fil du temps et via des services en ligne ou des sites tiers) et pour exercer votre choix les concernant, rendez vous sur <a class=\"link-icon\" href=\"https:\/\/support.mozilla.org\/fr\/kb\/desactiver-cookies-tiers\" target=\"_blank\" rel=\"noopener noreferrer\">https:\/\/support.mozilla.org\/fr\/kb\/desactiver-cookies-tiers<\/a> ou sur <a class=\"link-icon\" href=\"https:\/\/support.google.com\/accounts\/answer\/61416?hl=fr\" target=\"_blank\" rel=\"noopener noreferrer\">https:\/\/support.google.com\/accounts\/answer\/61416?hl=fr<\/a> si vous poss\u00e9dez Mozilla Firefox ou Google Chrome. Sinon vous pouvez vous connecter sur <a class=\"link-icon\" href=\"http:\/\/www.commentcamarche.net\/faq\/7543-activer-les-cookies\" target=\"_blank\" rel=\"noopener noreferrer\">http:\/\/www.commentcamarche.net\/faq\/7543-activer-les-cookies<\/a> qui vous expliquera la d\u00e9marche pour choisir vos pr\u00e9f\u00e9rences en ce qui concerne les cookies.<\/p>\n<h2>4. Comment le site paroissethiais.fr utilise-t-il les balises Web et les autres technologies ?<\/h2>\n<p>Les cookies sont souvent associ\u00e9s \u00e0 des balises Web (\u00e9galement appel\u00e9es GIF invisibles). Le site paroissethiais.fr est susceptible d\u2019utiliser des balises Web aux m\u00eames fins que les cookies, par exemple pour comprendre et am\u00e9liorer l\u2019utilisation de notre service, optimiser les performances du site, analyser le trafic des internautes et les actions effectu\u00e9es sur notre site. Comme les balises Web sont g\u00e9n\u00e9ralement associ\u00e9es \u00e0 des cookies, dans la plupart des cas, le fait de refuser les cookies amoindrit l\u2019efficacit\u00e9 des balises Web.<\/p>\n<p>Nous utilisons d\u2019autres technologies semblables aux cookies, comme le stockage et les plugins pour navigateur Web (par exemple, HTML5, IndexedDB, WebSQL et Silverlight). \u00c0 l\u2019instar des cookies, certaines de ces technologies peuvent stocker de petites quantit\u00e9s de donn\u00e9es sur votre appareil. Nous sommes susceptibles d\u2019utiliser ces technologies, parmi d\u2019autres, aux m\u00eames fins que les cookies : notamment pour appliquer nos conditions, pour pr\u00e9venir la fraude et pour analyser l\u2019utilisation de notre service. Vous pouvez exercer votre choix concernant l\u2019utilisation de ces technologies de diff\u00e9rentes mani\u00e8res. Par exemple, les navigateurs les plus connus permettent de purger leur stockage, g\u00e9n\u00e9ralement via les param\u00e8tres ou les pr\u00e9f\u00e9rences. Pour en savoir plus, veuillez consulter l\u2019aide en ligne ou la section de support de votre navigateur. Vous pouvez \u00e9galement d\u00e9sactiver d\u2019autres technologies comme le stockage Silverlight directement dans l\u2019application.<\/p>\n","protected":false},"excerpt":{"rendered":"<p>Le site paroissethiais.fr utilise des cookies et d\u2019autres technologies (comme des balises Web) pour diff\u00e9rentes raisons. Les cookies et les autres technologies nous permettent notamment de vous faciliter l\u2019acc\u00e8s \u00e0 nos services parce que nous nous souvenons de vous chaque fois que vous vous connectez, d\u2019assurer et d\u2019analyser nos services, de conna\u00eetre plus pr\u00e9cis\u00e9ment nos [&hellip;]<\/p>\n","protected":false},"author":1,"featured_media":0,"parent":0,"menu_order":0,"comment_status":"closed","ping_status":"closed","template":"","meta":{"_monsterinsights_skip_tracking":false,"_monsterinsights_sitenote_active":false,"_monsterinsights_sitenote_note":"","_monsterinsights_sitenote_category":0,"ngg_post_thumbnail":0,"ocean_post_layout":"","ocean_both_sidebars_style":"","ocean_both_sidebars_content_width":0,"ocean_both_sidebars_sidebars_width":0,"ocean_sidebar":"0","ocean_second_sidebar":"0","ocean_disable_margins":"enable","ocean_add_body_class":"","ocean_shortcode_before_top_bar":"","ocean_shortcode_after_top_bar":"","ocean_shortcode_before_header":"","ocean_shortcode_after_header":"","ocean_has_shortcode":"","ocean_shortcode_after_title":"","ocean_shortcode_before_footer_widgets":"","ocean_shortcode_after_footer_widgets":"","ocean_shortcode_before_footer_bottom":"","ocean_shortcode_after_footer_bottom":"","ocean_display_top_bar":"default","ocean_display_header":"default","ocean_header_style":"","ocean_center_header_left_menu":"0","ocean_custom_header_template":"0","ocean_custom_logo":0,"ocean_custom_retina_logo":0,"ocean_custom_logo_max_width":0,"ocean_custom_logo_tablet_max_width":0,"ocean_custom_logo_mobile_max_width":0,"ocean_custom_logo_max_height":0,"ocean_custom_logo_tablet_max_height":0,"ocean_custom_logo_mobile_max_height":0,"ocean_header_custom_menu":"0","ocean_menu_typo_font_family":"0","ocean_menu_typo_font_subset":"","ocean_menu_typo_font_size":0,"ocean_menu_typo_font_size_tablet":0,"ocean_menu_typo_font_size_mobile":0,"ocean_menu_typo_font_size_unit":"px","ocean_menu_typo_font_weight":"","ocean_menu_typo_font_weight_tablet":"","ocean_menu_typo_font_weight_mobile":"","ocean_menu_typo_transform":"","ocean_menu_typo_transform_tablet":"","ocean_menu_typo_transform_mobile":"","ocean_menu_typo_line_height":0,"ocean_menu_typo_line_height_tablet":0,"ocean_menu_typo_line_height_mobile":0,"ocean_menu_typo_line_height_unit":"","ocean_menu_typo_spacing":0,"ocean_menu_typo_spacing_tablet":0,"ocean_menu_typo_spacing_mobile":0,"ocean_menu_typo_spacing_unit":"","ocean_menu_link_color":"","ocean_menu_link_color_hover":"","ocean_menu_link_color_active":"","ocean_menu_link_background":"","ocean_menu_link_hover_background":"","ocean_menu_link_active_background":"","ocean_menu_social_links_bg":"","ocean_menu_social_hover_links_bg":"","ocean_menu_social_links_color":"","ocean_menu_social_hover_links_color":"","ocean_disable_title":"default","ocean_disable_heading":"default","ocean_post_title":"","ocean_post_subheading":"","ocean_post_title_style":"","ocean_post_title_background_color":"","ocean_post_title_background":0,"ocean_post_title_bg_image_position":"","ocean_post_title_bg_image_attachment":"","ocean_post_title_bg_image_repeat":"","ocean_post_title_bg_image_size":"","ocean_post_title_height":0,"ocean_post_title_bg_overlay":0.5,"ocean_post_title_bg_overlay_color":"","ocean_disable_breadcrumbs":"default","ocean_breadcrumbs_color":"","ocean_breadcrumbs_separator_color":"","ocean_breadcrumbs_links_color":"","ocean_breadcrumbs_links_hover_color":"","ocean_display_footer_widgets":"default","ocean_display_footer_bottom":"default","ocean_custom_footer_template":"0","ofc_enable_fullscreen":"disable","ofc_fullscreen_speed":0,"ofc_fullscreen_nav":"enable","ofc_fullscreen_nav_pos":"right","ofc_fullscreen_nav_color":"","ofc_fullscreen_nav_tooltip_color":"","ofc_fullscreen_responsive":0,"footnotes":""},"class_list":["post-2452","page","type-page","status-publish","hentry","entry"],"_links":{"self":[{"href":"https:\/\/paroissethiais.fr\/index.php?rest_route=\/wp\/v2\/pages\/2452","targetHints":{"allow":["GET"]}}],"collection":[{"href":"https:\/\/paroissethiais.fr\/index.php?rest_route=\/wp\/v2\/pages"}],"about":[{"href":"https:\/\/paroissethiais.fr\/index.php?rest_route=\/wp\/v2\/types\/page"}],"author":[{"embeddable":true,"href":"https:\/\/paroissethiais.fr\/index.php?rest_route=\/wp\/v2\/users\/1"}],"replies":[{"embeddable":true,"href":"https:\/\/paroissethiais.fr\/index.php?rest_route=%2Fwp%2Fv2%2Fcomments&post=2452"}],"version-history":[{"count":5,"href":"https:\/\/paroissethiais.fr\/index.php?rest_route=\/wp\/v2\/pages\/2452\/revisions"}],"predecessor-version":[{"id":6265,"href":"https:\/\/paroissethiais.fr\/index.php?rest_route=\/wp\/v2\/pages\/2452\/revisions\/6265"}],"wp:attachment":[{"href":"https:\/\/paroissethiais.fr\/index.php?rest_route=%2Fwp%2Fv2%2Fmedia&parent=2452"}],"curies":[{"name":"wp","href":"https:\/\/api.w.org\/{rel}","templated":true}]}}