{"id":2409,"date":"2019-10-24T01:43:41","date_gmt":"2019-10-23T23:43:41","guid":{"rendered":"http:\/\/paroissethiais.fr\/?page_id=2409"},"modified":"2026-04-01T23:07:14","modified_gmt":"2026-04-01T21:07:14","slug":"actualites","status":"publish","type":"page","link":"https:\/\/paroissethiais.fr\/","title":{"rendered":"Bonne mont\u00e9e vers P\u00e2ques"},"content":{"rendered":"\n<figure class=\"wp-block-image size-large\"><a href=\"https:\/\/paroissethiais.fr\/?cat=14\" target=\"_blank\" rel=\" noreferrer noopener\"><img loading=\"lazy\" decoding=\"async\" width=\"1024\" height=\"123\" src=\"https:\/\/paroissethiais.fr\/wp-content\/uploads\/2025\/11\/Banniere-page-accueil-actualites-1024x123.png\" alt=\"\" class=\"wp-image-7814\" srcset=\"https:\/\/paroissethiais.fr\/wp-content\/uploads\/2025\/11\/Banniere-page-accueil-actualites-1024x123.png 1024w, https:\/\/paroissethiais.fr\/wp-content\/uploads\/2025\/11\/Banniere-page-accueil-actualites-300x36.png 300w, https:\/\/paroissethiais.fr\/wp-content\/uploads\/2025\/11\/Banniere-page-accueil-actualites-768x92.png 768w, https:\/\/paroissethiais.fr\/wp-content\/uploads\/2025\/11\/Banniere-page-accueil-actualites-1536x184.png 1536w, https:\/\/paroissethiais.fr\/wp-content\/uploads\/2025\/11\/Banniere-page-accueil-actualites-2048x245.png 2048w\" sizes=\"auto, (max-width: 1024px) 100vw, 1024px\" \/><\/a><\/figure>\n\n\n\n<figure class=\"wp-block-image size-large\"><img loading=\"lazy\" decoding=\"async\" width=\"1024\" height=\"478\" src=\"https:\/\/paroissethiais.fr\/wp-content\/uploads\/2026\/04\/Chrono-semaine-Sainte2026-4-1024x478.png\" alt=\"\" class=\"wp-image-8429\" srcset=\"https:\/\/paroissethiais.fr\/wp-content\/uploads\/2026\/04\/Chrono-semaine-Sainte2026-4-1024x478.png 1024w, https:\/\/paroissethiais.fr\/wp-content\/uploads\/2026\/04\/Chrono-semaine-Sainte2026-4-300x140.png 300w, https:\/\/paroissethiais.fr\/wp-content\/uploads\/2026\/04\/Chrono-semaine-Sainte2026-4-768x359.png 768w, https:\/\/paroissethiais.fr\/wp-content\/uploads\/2026\/04\/Chrono-semaine-Sainte2026-4-1536x717.png 1536w, https:\/\/paroissethiais.fr\/wp-content\/uploads\/2026\/04\/Chrono-semaine-Sainte2026-4-2048x956.png 2048w\" sizes=\"auto, (max-width: 1024px) 100vw, 1024px\" \/><\/figure>\n\n\n\n<hr class=\"wp-block-separator has-alpha-channel-opacity\" \/>\n\n\n\n<p class=\"has-text-align-center has-pale-cyan-blue-background-color has-text-color has-background has-link-color has-medium-font-size wp-elements-87023843a5e6f568e89c19a0f17a1764\" style=\"color:#0711e3\"><strong>M\u00e9ditation du chapelet : samedi \u00e0 17h30 \u00e0 l&rsquo;oratoire et dimanche \u00e0 10h00 \u00e0 l&rsquo;\u00e9glise<\/strong><\/p>\n\n\n\n<hr class=\"wp-block-separator has-alpha-channel-opacity\" \/>\n\n\n\n<figure class=\"wp-block-image size-large\"><a href=\"https:\/\/paroissethiais.fr\/?p=8437\" target=\"_blank\" rel=\" noreferrer noopener\"><img loading=\"lazy\" decoding=\"async\" width=\"1024\" height=\"119\" src=\"https:\/\/paroissethiais.fr\/wp-content\/uploads\/2026\/04\/2-messes-semaine-sainte-1024x119.png\" alt=\"\" class=\"wp-image-8435\" srcset=\"https:\/\/paroissethiais.fr\/wp-content\/uploads\/2026\/04\/2-messes-semaine-sainte-1024x119.png 1024w, https:\/\/paroissethiais.fr\/wp-content\/uploads\/2026\/04\/2-messes-semaine-sainte-300x35.png 300w, https:\/\/paroissethiais.fr\/wp-content\/uploads\/2026\/04\/2-messes-semaine-sainte-768x89.png 768w, https:\/\/paroissethiais.fr\/wp-content\/uploads\/2026\/04\/2-messes-semaine-sainte-1536x178.png 1536w, https:\/\/paroissethiais.fr\/wp-content\/uploads\/2026\/04\/2-messes-semaine-sainte-2048x238.png 2048w\" sizes=\"auto, (max-width: 1024px) 100vw, 1024px\" \/><\/a><\/figure>\n\n\n\n<hr class=\"wp-block-separator has-alpha-channel-opacity\" \/>\n\n\n\n<p class=\"has-text-align-center has-text-color has-link-color has-medium-font-size wp-elements-97a71274e1e330f28804eddff49dac41\" style=\"color:#0c07e3\"><a href=\"https:\/\/paroissethiais.fr\/?p=8162\" target=\"_blank\" rel=\"noreferrer noopener\"><strong>Lettre pastorale de Mgr Dominique BLANCHET <\/strong>&#8211; <strong><em>Orientations dioc\u00e9saines missionnaires pour 2026 &#8211; 2029<\/em><\/strong> &#8211; <strong><em>Consulter-la ici<\/em><\/strong><em><strong>!<\/strong><\/em><\/a><\/p>\n\n\n\n<p><\/p>\n\n\n\n<hr class=\"wp-block-separator has-alpha-channel-opacity\" \/>\n\n\n\n<figure class=\"wp-block-image size-large\"><a href=\"https:\/\/paroissethiais.fr\/?p=8378\" target=\"_blank\" rel=\" noreferrer noopener\"><img loading=\"lazy\" decoding=\"async\" width=\"1024\" height=\"125\" src=\"http:\/\/paroissethiais.fr\/wp-content\/uploads\/2025\/11\/Bannieres-annonces-paroissiales-page-accueil-141125-1024x125.png\" alt=\"Bannieres-annonces-paroissiales-page-accueil-\" class=\"wp-image-7805\" srcset=\"https:\/\/paroissethiais.fr\/wp-content\/uploads\/2025\/11\/Bannieres-annonces-paroissiales-page-accueil-141125-1024x125.png 1024w, https:\/\/paroissethiais.fr\/wp-content\/uploads\/2025\/11\/Bannieres-annonces-paroissiales-page-accueil-141125-300x37.png 300w, https:\/\/paroissethiais.fr\/wp-content\/uploads\/2025\/11\/Bannieres-annonces-paroissiales-page-accueil-141125-768x94.png 768w, https:\/\/paroissethiais.fr\/wp-content\/uploads\/2025\/11\/Bannieres-annonces-paroissiales-page-accueil-141125-1536x188.png 1536w, https:\/\/paroissethiais.fr\/wp-content\/uploads\/2025\/11\/Bannieres-annonces-paroissiales-page-accueil-141125-2048x251.png 2048w\" sizes=\"auto, (max-width: 1024px) 100vw, 1024px\" \/><\/a><\/figure>\n\n\n\n<hr class=\"wp-block-separator has-alpha-channel-opacity\" \/>\n\n\n\n<p class=\"has-text-align-center has-text-color has-background has-link-color has-medium-font-size wp-elements-9bacfa84d669f57bd25c824adb69bb9a\" style=\"color:#3107e3;background-color:#8deafc\"><strong>Le<\/strong> <strong>Denier de l\u2019\u00c9glise : s&rsquo;engager concr\u00e8tement pour permettre \u00e0 l\u2019\u00c9glise d&rsquo;accomplir la mission que Le Christ lui a confi\u00e9e &#8211; C<a href=\"https:\/\/paroissethiais.fr\/?page_id=246\">liquez-ic<\/a>i<\/strong> !<\/p>\n\n\n\n<hr class=\"wp-block-separator has-alpha-channel-opacity\" \/>\n\n\n\n<figure class=\"wp-block-image size-large\"><img loading=\"lazy\" decoding=\"async\" width=\"1024\" height=\"119\" src=\"https:\/\/paroissethiais.fr\/wp-content\/uploads\/2025\/11\/Banniere-horaires-daccueil-14-11-2025-1-1024x119.png\" alt=\"\" class=\"wp-image-7808\" srcset=\"https:\/\/paroissethiais.fr\/wp-content\/uploads\/2025\/11\/Banniere-horaires-daccueil-14-11-2025-1-1024x119.png 1024w, https:\/\/paroissethiais.fr\/wp-content\/uploads\/2025\/11\/Banniere-horaires-daccueil-14-11-2025-1-300x35.png 300w, https:\/\/paroissethiais.fr\/wp-content\/uploads\/2025\/11\/Banniere-horaires-daccueil-14-11-2025-1-768x90.png 768w, https:\/\/paroissethiais.fr\/wp-content\/uploads\/2025\/11\/Banniere-horaires-daccueil-14-11-2025-1-1536x179.png 1536w, https:\/\/paroissethiais.fr\/wp-content\/uploads\/2025\/11\/Banniere-horaires-daccueil-14-11-2025-1-2048x239.png 2048w\" sizes=\"auto, (max-width: 1024px) 100vw, 1024px\" \/><\/figure>\n\n\n\n<ul class=\"wp-block-list\">\n<li><strong><em>Permanence d&rsquo;accueil<\/em><\/strong>\n<ul class=\"wp-block-list\">\n<li>Les <strong>mardis et jeudis de 17h00 \u00e0 19h00<\/strong> \u00e0 la maison paroissiale,<\/li>\n\n\n\n<li>En dehors des heures de permanences, appeler le 01 48 53 84 06.<\/li>\n<\/ul>\n<\/li>\n\n\n\n<li><strong><em>Messe dominicale<\/em><\/strong>\n<ul class=\"wp-block-list\">\n<li>Le samedi \u00e0 18h30 \u00e0 l&rsquo;\u00e9glise &#8211; (Pendant la p\u00e9riode hivernale, \u00e0 la maison paroissiale)<\/li>\n\n\n\n<li>Le<strong> dimanche \u00e0 11h00<\/strong> \u00e0 l&rsquo;\u00e9glise<\/li>\n<\/ul>\n<\/li>\n\n\n\n<li><strong><em>Messe \u00e0 l&rsquo;oratoire en semaine<\/em><\/strong>\n<ul class=\"wp-block-list\">\n<li class=\"has-black-color has-text-color has-link-color wp-elements-78400ac649ec07d2a0e070a1c99576b6\">Du <strong>mardi au vendredi : les laudes \u00e0 8h40 suivi de la messe \u00e0 09 h00<\/strong><\/li>\n<\/ul>\n<\/li>\n\n\n\n<li><strong><em>Messe au monast\u00e8re de  l&rsquo;Annonciade<\/em> <\/strong>: le dimanche \u00e0 09 h 45 et \u00e0 18 h 00 &#8211; Messe en semaine \u00e0 09h15<\/li>\n\n\n\n<li><strong><em>Confession<\/em><\/strong><em><strong>s<\/strong><\/em> \u00e0 la paroisse de Saint Leu Saint Gilles\n<ul class=\"wp-block-list\">\n<li><strong>Le samedi de 10h00 \u00e0 12h00<\/strong><\/li>\n<\/ul>\n<\/li>\n<\/ul>\n\n\n\n<hr class=\"wp-block-separator has-alpha-channel-opacity is-style-default\" \/>\n\n\n\n<figure class=\"wp-block-image size-large\"><a href=\"https:\/\/www.youtube.com\/@paroissethiais\"><img loading=\"lazy\" decoding=\"async\" width=\"1024\" height=\"119\" src=\"https:\/\/paroissethiais.fr\/wp-content\/uploads\/2025\/11\/Banniere-messes-diffusees-en-direct-14-11-2025-1024x119.png\" alt=\"\" class=\"wp-image-7801\" style=\"aspect-ratio:8.605087749628522\" srcset=\"https:\/\/paroissethiais.fr\/wp-content\/uploads\/2025\/11\/Banniere-messes-diffusees-en-direct-14-11-2025-1024x119.png 1024w, https:\/\/paroissethiais.fr\/wp-content\/uploads\/2025\/11\/Banniere-messes-diffusees-en-direct-14-11-2025-300x35.png 300w, https:\/\/paroissethiais.fr\/wp-content\/uploads\/2025\/11\/Banniere-messes-diffusees-en-direct-14-11-2025-768x89.png 768w, https:\/\/paroissethiais.fr\/wp-content\/uploads\/2025\/11\/Banniere-messes-diffusees-en-direct-14-11-2025-1536x178.png 1536w, https:\/\/paroissethiais.fr\/wp-content\/uploads\/2025\/11\/Banniere-messes-diffusees-en-direct-14-11-2025-2048x238.png 2048w\" sizes=\"auto, (max-width: 1024px) 100vw, 1024px\" \/><\/a><\/figure>\n\n\n\n<hr class=\"wp-block-separator has-css-opacity\" \/>\n\n\n\n<p class=\"has-text-align-center has-vivid-cyan-blue-color has-text-color\" style=\"font-size:18px\"><strong>Quelques ressources pour nourrir sa foi, se former et garder le lien avec l\u2019\u00c9glise <\/strong><\/p>\n\n\n\n<p class=\"has-black-color has-text-color has-link-color wp-elements-9ac00cf961d1ea846fe5a532228b76c6\"><\/p>\n\n\n\n<ul class=\"wp-block-list\">\n<li class=\"has-small-font-size\"><strong>Pour prier au quotidien<\/strong> (Applications sur smartphone)\n<ul class=\"wp-block-list\">\n<li class=\"has-small-font-size\"><strong><a href=\"https:\/\/rosario.app\/\">Rosario<\/a><\/strong> est la premi\u00e8re application de chapelet vivant inspir\u00e9 du Rosaire de Pauline Jaricot<\/li>\n\n\n\n<li class=\"has-small-font-size\"><a href=\"https:\/\/hozana.org\/\"><strong>Hozana <\/strong><\/a> est une application de pri\u00e8re catholique, qui permet de cr\u00e9er et rejoindre des communaut\u00e9s autour de propositions spirituelles. Vous pouvez choisir parmi des centaines de neuvaines, retraites ou autres propositions.<\/li>\n\n\n\n<li class=\"has-small-font-size\"><strong><a href=\"https:\/\/www.aelf.org\/\">AELF<\/a><\/strong> : Les lectures de la messe, la bible et la liturgie des heures<\/li>\n<\/ul>\n<\/li>\n\n\n\n<li class=\"has-small-font-size\"><strong>Pour se former<\/strong> \n<ul class=\"wp-block-list\">\n<li class=\"has-small-font-size\"><a href=\"https:\/\/claves.org\/\"><strong>Claves.org<\/strong> <\/a> : site et une application de formation et d&rsquo;\u00e9vang\u00e9lisation<\/li>\n<\/ul>\n<\/li>\n\n\n\n<li class=\"has-small-font-size\"><strong>Pour des temps fraternels en famille ou en group<\/strong>e \n<ul class=\"wp-block-list\">\n<li class=\"has-small-font-size\"><strong><a href=\"https:\/\/www.sajeplus.fr\/\">SAJEPLUS<\/a><\/strong> &#8211; <strong>Plateforme de streaming de films chr\u00e9tiens<\/strong> : films, dessins anim\u00e9s, documentaires et s\u00e9ries chr\u00e9tiennes pour des soir\u00e9es inspirantes.<\/li>\n<\/ul>\n<\/li>\n<\/ul>\n\n\n\n<p><\/p>\n\n\n\n<p><\/p>\n","protected":false},"excerpt":{"rendered":"<p>M\u00e9ditation du chapelet : samedi \u00e0 17h30 \u00e0 l&rsquo;oratoire et dimanche \u00e0 10h00 \u00e0 l&rsquo;\u00e9glise Lettre pastorale de Mgr Dominique BLANCHET &#8211; Orientations dioc\u00e9saines missionnaires pour 2026 &#8211; 2029 &#8211; Consulter-la ici! Le Denier de l\u2019\u00c9glise : s&rsquo;engager concr\u00e8tement pour permettre \u00e0 l\u2019\u00c9glise d&rsquo;accomplir la mission que Le Christ lui a confi\u00e9e &#8211; Cliquez-ici ! [&hellip;]<\/p>\n","protected":false},"author":1,"featured_media":0,"parent":0,"menu_order":0,"comment_status":"closed","ping_status":"closed","template":"","meta":{"_monsterinsights_skip_tracking":false,"_monsterinsights_sitenote_active":false,"_monsterinsights_sitenote_note":"","_monsterinsights_sitenote_category":0,"ngg_post_thumbnail":0,"ocean_post_layout":"","ocean_both_sidebars_style":"","ocean_both_sidebars_content_width":0,"ocean_both_sidebars_sidebars_width":0,"ocean_sidebar":"0","ocean_second_sidebar":"0","ocean_disable_margins":"enable","ocean_add_body_class":"","ocean_shortcode_before_top_bar":"","ocean_shortcode_after_top_bar":"","ocean_shortcode_before_header":"","ocean_shortcode_after_header":"","ocean_has_shortcode":"","ocean_shortcode_after_title":"","ocean_shortcode_before_footer_widgets":"","ocean_shortcode_after_footer_widgets":"","ocean_shortcode_before_footer_bottom":"","ocean_shortcode_after_footer_bottom":"","ocean_display_top_bar":"default","ocean_display_header":"default","ocean_header_style":"","ocean_center_header_left_menu":"0","ocean_custom_header_template":"0","ocean_custom_logo":0,"ocean_custom_retina_logo":0,"ocean_custom_logo_max_width":0,"ocean_custom_logo_tablet_max_width":0,"ocean_custom_logo_mobile_max_width":0,"ocean_custom_logo_max_height":0,"ocean_custom_logo_tablet_max_height":0,"ocean_custom_logo_mobile_max_height":0,"ocean_header_custom_menu":"0","ocean_menu_typo_font_family":"0","ocean_menu_typo_font_subset":"","ocean_menu_typo_font_size":0,"ocean_menu_typo_font_size_tablet":0,"ocean_menu_typo_font_size_mobile":0,"ocean_menu_typo_font_size_unit":"px","ocean_menu_typo_font_weight":"","ocean_menu_typo_font_weight_tablet":"","ocean_menu_typo_font_weight_mobile":"","ocean_menu_typo_transform":"","ocean_menu_typo_transform_tablet":"","ocean_menu_typo_transform_mobile":"","ocean_menu_typo_line_height":0,"ocean_menu_typo_line_height_tablet":0,"ocean_menu_typo_line_height_mobile":0,"ocean_menu_typo_line_height_unit":"","ocean_menu_typo_spacing":0,"ocean_menu_typo_spacing_tablet":0,"ocean_menu_typo_spacing_mobile":0,"ocean_menu_typo_spacing_unit":"","ocean_menu_link_color":"","ocean_menu_link_color_hover":"","ocean_menu_link_color_active":"","ocean_menu_link_background":"","ocean_menu_link_hover_background":"","ocean_menu_link_active_background":"","ocean_menu_social_links_bg":"","ocean_menu_social_hover_links_bg":"","ocean_menu_social_links_color":"","ocean_menu_social_hover_links_color":"","ocean_disable_title":"default","ocean_disable_heading":"default","ocean_post_title":"","ocean_post_subheading":"","ocean_post_title_style":"","ocean_post_title_background_color":"","ocean_post_title_background":0,"ocean_post_title_bg_image_position":"","ocean_post_title_bg_image_attachment":"","ocean_post_title_bg_image_repeat":"","ocean_post_title_bg_image_size":"","ocean_post_title_height":0,"ocean_post_title_bg_overlay":0.5,"ocean_post_title_bg_overlay_color":"","ocean_disable_breadcrumbs":"default","ocean_breadcrumbs_color":"","ocean_breadcrumbs_separator_color":"","ocean_breadcrumbs_links_color":"","ocean_breadcrumbs_links_hover_color":"","ocean_display_footer_widgets":"default","ocean_display_footer_bottom":"default","ocean_custom_footer_template":"0","ofc_enable_fullscreen":"disable","ofc_fullscreen_speed":0,"ofc_fullscreen_nav":"enable","ofc_fullscreen_nav_pos":"right","ofc_fullscreen_nav_color":"","ofc_fullscreen_nav_tooltip_color":"","ofc_fullscreen_responsive":0,"footnotes":""},"class_list":["post-2409","page","type-page","status-publish","hentry","entry"],"_links":{"self":[{"href":"https:\/\/paroissethiais.fr\/index.php?rest_route=\/wp\/v2\/pages\/2409","targetHints":{"allow":["GET"]}}],"collection":[{"href":"https:\/\/paroissethiais.fr\/index.php?rest_route=\/wp\/v2\/pages"}],"about":[{"href":"https:\/\/paroissethiais.fr\/index.php?rest_route=\/wp\/v2\/types\/page"}],"author":[{"embeddable":true,"href":"https:\/\/paroissethiais.fr\/index.php?rest_route=\/wp\/v2\/users\/1"}],"replies":[{"embeddable":true,"href":"https:\/\/paroissethiais.fr\/index.php?rest_route=%2Fwp%2Fv2%2Fcomments&post=2409"}],"version-history":[{"count":583,"href":"https:\/\/paroissethiais.fr\/index.php?rest_route=\/wp\/v2\/pages\/2409\/revisions"}],"predecessor-version":[{"id":8440,"href":"https:\/\/paroissethiais.fr\/index.php?rest_route=\/wp\/v2\/pages\/2409\/revisions\/8440"}],"wp:attachment":[{"href":"https:\/\/paroissethiais.fr\/index.php?rest_route=%2Fwp%2Fv2%2Fmedia&parent=2409"}],"curies":[{"name":"wp","href":"https:\/\/api.w.org\/{rel}","templated":true}]}}